{"id":1797,"date":"2011-07-14T19:45:29","date_gmt":"2011-07-14T17:45:29","guid":{"rendered":"http:\/\/localhost\/2015\/Feb\/Sugubo.21582\/about\/"},"modified":"2026-03-25T11:37:58","modified_gmt":"2026-03-25T10:37:58","slug":"start","status":"publish","type":"page","link":"https:\/\/chorverband-region-kocher.de\/cms\/","title":{"rendered":"Start"},"content":{"rendered":"<p>Willkommen! Der Chorverband Region Kocher: 113 aktive Vereine aus 5 Landkreisen 3317 S\u00e4ngerinnen und S\u00e4nger, 4817 f\u00f6rdernde Mitglieder Verbandsch\u00f6re M\u00e4nner, Frauen, Jugend Mitgliedsvereine Ch\u00f6re und Kontakte Veranstaltungen Konzerte und Termine SINGEN MACHT FREU(N)DE! D <a href=\"https:\/\/chorverband-region-kocher.de\/cms\/\" title=\"Read more on Start\" class=\"more-link\">read more<\/a><\/p>\n","protected":false},"excerpt":{"rendered":"<p>Willkommen! Der Chorverband Region Kocher: 113 aktive Vereine aus 5 Landkreisen 3317 S\u00e4ngerinnen und S\u00e4nger, 4817 f\u00f6rdernde Mitglieder Verbandsch\u00f6re M\u00e4nner, Frauen, Jugend Mitgliedsvereine Ch\u00f6re und Kontakte Veranstaltungen Konzerte und Termine &hellip;<\/p>\n","protected":false},"author":1,"featured_media":0,"parent":0,"menu_order":1,"comment_status":"closed","ping_status":"closed","template":"","meta":{"footnotes":""},"class_list":["post-1797","page","type-page","status-publish","hentry","no-thumb"],"_links":{"self":[{"href":"https:\/\/chorverband-region-kocher.de\/cms\/wp-json\/wp\/v2\/pages\/1797","targetHints":{"allow":["GET"]}}],"collection":[{"href":"https:\/\/chorverband-region-kocher.de\/cms\/wp-json\/wp\/v2\/pages"}],"about":[{"href":"https:\/\/chorverband-region-kocher.de\/cms\/wp-json\/wp\/v2\/types\/page"}],"author":[{"embeddable":true,"href":"https:\/\/chorverband-region-kocher.de\/cms\/wp-json\/wp\/v2\/users\/1"}],"replies":[{"embeddable":true,"href":"https:\/\/chorverband-region-kocher.de\/cms\/wp-json\/wp\/v2\/comments?post=1797"}],"version-history":[{"count":33,"href":"https:\/\/chorverband-region-kocher.de\/cms\/wp-json\/wp\/v2\/pages\/1797\/revisions"}],"predecessor-version":[{"id":5748,"href":"https:\/\/chorverband-region-kocher.de\/cms\/wp-json\/wp\/v2\/pages\/1797\/revisions\/5748"}],"wp:attachment":[{"href":"https:\/\/chorverband-region-kocher.de\/cms\/wp-json\/wp\/v2\/media?parent=1797"}],"curies":[{"name":"wp","href":"https:\/\/api.w.org\/{rel}","templated":true}]}}