{"id":2451,"date":"2016-08-19T17:28:54","date_gmt":"2016-08-19T15:28:54","guid":{"rendered":"https:\/\/chorverband-region-kocher.de\/cms\/?page_id=2451"},"modified":"2023-02-15T08:08:18","modified_gmt":"2023-02-15T07:08:18","slug":"choere","status":"publish","type":"page","link":"https:\/\/chorverband-region-kocher.de\/cms\/choere\/","title":{"rendered":"Ch\u00f6re"},"content":{"rendered":"<p>Ch\u00f6re Die Verbands-Ch\u00f6re wurden Ende 2017 aufgel\u00f6st Frauenchor M\u00e4nnerchor Jugendchor<\/p>\n","protected":false},"excerpt":{"rendered":"<p>Ch\u00f6re Die Verbands-Ch\u00f6re wurden Ende 2017 aufgel\u00f6st Frauenchor M\u00e4nnerchor Jugendchor<\/p>\n","protected":false},"author":1,"featured_media":0,"parent":0,"menu_order":0,"comment_status":"closed","ping_status":"closed","template":"","meta":{"footnotes":""},"class_list":["post-2451","page","type-page","status-publish","hentry","no-thumb"],"_links":{"self":[{"href":"https:\/\/chorverband-region-kocher.de\/cms\/wp-json\/wp\/v2\/pages\/2451","targetHints":{"allow":["GET"]}}],"collection":[{"href":"https:\/\/chorverband-region-kocher.de\/cms\/wp-json\/wp\/v2\/pages"}],"about":[{"href":"https:\/\/chorverband-region-kocher.de\/cms\/wp-json\/wp\/v2\/types\/page"}],"author":[{"embeddable":true,"href":"https:\/\/chorverband-region-kocher.de\/cms\/wp-json\/wp\/v2\/users\/1"}],"replies":[{"embeddable":true,"href":"https:\/\/chorverband-region-kocher.de\/cms\/wp-json\/wp\/v2\/comments?post=2451"}],"version-history":[{"count":17,"href":"https:\/\/chorverband-region-kocher.de\/cms\/wp-json\/wp\/v2\/pages\/2451\/revisions"}],"predecessor-version":[{"id":4214,"href":"https:\/\/chorverband-region-kocher.de\/cms\/wp-json\/wp\/v2\/pages\/2451\/revisions\/4214"}],"wp:attachment":[{"href":"https:\/\/chorverband-region-kocher.de\/cms\/wp-json\/wp\/v2\/media?parent=2451"}],"curies":[{"name":"wp","href":"https:\/\/api.w.org\/{rel}","templated":true}]}}