{"id":2456,"date":"2016-08-19T17:30:20","date_gmt":"2016-08-19T15:30:20","guid":{"rendered":"https:\/\/chorverband-region-kocher.de\/cms\/?page_id=2456"},"modified":"2023-03-14T17:16:30","modified_gmt":"2023-03-14T16:16:30","slug":"maennerchor","status":"publish","type":"page","link":"https:\/\/chorverband-region-kocher.de\/cms\/maennerchor\/","title":{"rendered":"M\u00e4nnerchor"},"content":{"rendered":"<p>M\u00e4nnerchor Der M\u00e4nnerchor des Chorverbands wurde Ende 2017 aufgel\u00f6st. Der erste Chormeister im Chorverband Region Kocher und Nachfolger von Ruth Voss, Eckart Sitzenfrei, erkannte gleich zu Beginn seiner Amtszeit, dass es zwingend notwendig ist, den direkten Kontakt zu d <a href=\"https:\/\/chorverband-region-kocher.de\/cms\/maennerchor\/\" title=\"Read more on M\u00e4nnerchor\" class=\"more-link\">read more<\/a><\/p>\n","protected":false},"excerpt":{"rendered":"<p>M\u00e4nnerchor Der M\u00e4nnerchor des Chorverbands wurde Ende 2017 aufgel\u00f6st. Der erste Chormeister im Chorverband Region Kocher und Nachfolger von Ruth Voss, Eckart Sitzenfrei, erkannte gleich zu Beginn seiner Amtszeit, dass &hellip;<\/p>\n","protected":false},"author":1,"featured_media":0,"parent":0,"menu_order":0,"comment_status":"closed","ping_status":"closed","template":"","meta":{"footnotes":""},"class_list":["post-2456","page","type-page","status-publish","hentry","no-thumb"],"_links":{"self":[{"href":"https:\/\/chorverband-region-kocher.de\/cms\/wp-json\/wp\/v2\/pages\/2456","targetHints":{"allow":["GET"]}}],"collection":[{"href":"https:\/\/chorverband-region-kocher.de\/cms\/wp-json\/wp\/v2\/pages"}],"about":[{"href":"https:\/\/chorverband-region-kocher.de\/cms\/wp-json\/wp\/v2\/types\/page"}],"author":[{"embeddable":true,"href":"https:\/\/chorverband-region-kocher.de\/cms\/wp-json\/wp\/v2\/users\/1"}],"replies":[{"embeddable":true,"href":"https:\/\/chorverband-region-kocher.de\/cms\/wp-json\/wp\/v2\/comments?post=2456"}],"version-history":[{"count":16,"href":"https:\/\/chorverband-region-kocher.de\/cms\/wp-json\/wp\/v2\/pages\/2456\/revisions"}],"predecessor-version":[{"id":4291,"href":"https:\/\/chorverband-region-kocher.de\/cms\/wp-json\/wp\/v2\/pages\/2456\/revisions\/4291"}],"wp:attachment":[{"href":"https:\/\/chorverband-region-kocher.de\/cms\/wp-json\/wp\/v2\/media?parent=2456"}],"curies":[{"name":"wp","href":"https:\/\/api.w.org\/{rel}","templated":true}]}}