{"id":2468,"date":"2016-08-19T17:34:51","date_gmt":"2016-08-19T15:34:51","guid":{"rendered":"https:\/\/chorverband-region-kocher.de\/cms\/?page_id=2468"},"modified":"2023-03-28T12:32:17","modified_gmt":"2023-03-28T10:32:17","slug":"kinder-und-jugendchoere","status":"publish","type":"page","link":"https:\/\/chorverband-region-kocher.de\/cms\/kinder-und-jugendchoere\/","title":{"rendered":"Kinder- und Jugendch\u00f6re im Chorverband Region-Kocher e. V."},"content":{"rendered":"<p>Kinder- und Jugendch\u00f6re im Chorverband Region-Kocher e. V. Kinderchor Gesangverein Liederkranz B\u00fchlertann Chr. Ltr.\u00a0Margit Gr\u00f6hler Ro\u00dfhofstra\u00dfe 12 74423 Obersontheim 07973-910019 0170 8055926 margit.holz@web.de 1.Vors. Silke Schneider Tulpenweg 2 74424 B\u00fchlertann 07973- <a href=\"https:\/\/chorverband-region-kocher.de\/cms\/kinder-und-jugendchoere\/\" title=\"Read more on Kinder- und Jugendch\u00f6re im Chorverband Region-Kocher e. V.\" class=\"more-link\">read more<\/a><\/p>\n","protected":false},"excerpt":{"rendered":"<p>Kinder- und Jugendch\u00f6re im Chorverband Region-Kocher e. V. Kinderchor Gesangverein Liederkranz B\u00fchlertann Chr. Ltr.\u00a0Margit Gr\u00f6hler Ro\u00dfhofstra\u00dfe 12 74423 Obersontheim 07973-910019 0170 8055926 margit.holz@web.de 1.Vors. Silke Schneider Tulpenweg 2 74424 B\u00fchlertann &hellip;<\/p>\n","protected":false},"author":1,"featured_media":0,"parent":0,"menu_order":0,"comment_status":"closed","ping_status":"closed","template":"","meta":{"footnotes":""},"class_list":["post-2468","page","type-page","status-publish","hentry","no-thumb"],"_links":{"self":[{"href":"https:\/\/chorverband-region-kocher.de\/cms\/wp-json\/wp\/v2\/pages\/2468","targetHints":{"allow":["GET"]}}],"collection":[{"href":"https:\/\/chorverband-region-kocher.de\/cms\/wp-json\/wp\/v2\/pages"}],"about":[{"href":"https:\/\/chorverband-region-kocher.de\/cms\/wp-json\/wp\/v2\/types\/page"}],"author":[{"embeddable":true,"href":"https:\/\/chorverband-region-kocher.de\/cms\/wp-json\/wp\/v2\/users\/1"}],"replies":[{"embeddable":true,"href":"https:\/\/chorverband-region-kocher.de\/cms\/wp-json\/wp\/v2\/comments?post=2468"}],"version-history":[{"count":34,"href":"https:\/\/chorverband-region-kocher.de\/cms\/wp-json\/wp\/v2\/pages\/2468\/revisions"}],"predecessor-version":[{"id":4400,"href":"https:\/\/chorverband-region-kocher.de\/cms\/wp-json\/wp\/v2\/pages\/2468\/revisions\/4400"}],"wp:attachment":[{"href":"https:\/\/chorverband-region-kocher.de\/cms\/wp-json\/wp\/v2\/media?parent=2468"}],"curies":[{"name":"wp","href":"https:\/\/api.w.org\/{rel}","templated":true}]}}