{"id":2485,"date":"2016-08-20T14:03:41","date_gmt":"2016-08-20T12:03:41","guid":{"rendered":"https:\/\/chorverband-region-kocher.de\/cms\/?page_id=2485"},"modified":"2023-02-15T10:19:25","modified_gmt":"2023-02-15T09:19:25","slug":"chronik","status":"publish","type":"page","link":"https:\/\/chorverband-region-kocher.de\/cms\/chronik\/","title":{"rendered":"Chronik"},"content":{"rendered":"<p>Chronik Aus der Chronik des &#8222;CVRK \u2013 Der Chorverband Region Kocher e.V.&#8220; wurde am 31. Juli 1898 von 12 M\u00e4nnergesangvereinen in \u00d6hringen unter dem Namen &#8222;Kochergau im Schw\u00e4bischen S\u00e4ngerbund 1849&#8220; gegr\u00fcndet. Seinen neuen Namen erhielt der CVRK im J <a href=\"https:\/\/chorverband-region-kocher.de\/cms\/chronik\/\" title=\"Read more on Chronik\" class=\"more-link\">read more<\/a><\/p>\n","protected":false},"excerpt":{"rendered":"<p>Chronik Aus der Chronik des &#8222;CVRK \u2013 Der Chorverband Region Kocher e.V.&#8220; wurde am 31. Juli 1898 von 12 M\u00e4nnergesangvereinen in \u00d6hringen unter dem Namen &#8222;Kochergau im Schw\u00e4bischen S\u00e4ngerbund 1849&#8220; &hellip;<\/p>\n","protected":false},"author":1,"featured_media":0,"parent":0,"menu_order":0,"comment_status":"closed","ping_status":"closed","template":"","meta":{"footnotes":""},"class_list":["post-2485","page","type-page","status-publish","hentry","no-thumb"],"_links":{"self":[{"href":"https:\/\/chorverband-region-kocher.de\/cms\/wp-json\/wp\/v2\/pages\/2485","targetHints":{"allow":["GET"]}}],"collection":[{"href":"https:\/\/chorverband-region-kocher.de\/cms\/wp-json\/wp\/v2\/pages"}],"about":[{"href":"https:\/\/chorverband-region-kocher.de\/cms\/wp-json\/wp\/v2\/types\/page"}],"author":[{"embeddable":true,"href":"https:\/\/chorverband-region-kocher.de\/cms\/wp-json\/wp\/v2\/users\/1"}],"replies":[{"embeddable":true,"href":"https:\/\/chorverband-region-kocher.de\/cms\/wp-json\/wp\/v2\/comments?post=2485"}],"version-history":[{"count":10,"href":"https:\/\/chorverband-region-kocher.de\/cms\/wp-json\/wp\/v2\/pages\/2485\/revisions"}],"predecessor-version":[{"id":4254,"href":"https:\/\/chorverband-region-kocher.de\/cms\/wp-json\/wp\/v2\/pages\/2485\/revisions\/4254"}],"wp:attachment":[{"href":"https:\/\/chorverband-region-kocher.de\/cms\/wp-json\/wp\/v2\/media?parent=2485"}],"curies":[{"name":"wp","href":"https:\/\/api.w.org\/{rel}","templated":true}]}}