{"id":4352,"date":"2023-03-23T17:54:51","date_gmt":"2023-03-23T16:54:51","guid":{"rendered":"https:\/\/chorverband-region-kocher.de\/cms\/?page_id=4352"},"modified":"2023-07-27T19:13:25","modified_gmt":"2023-07-27T17:13:25","slug":"tag-der-choere-in-schwaebisch-hall","status":"publish","type":"page","link":"https:\/\/chorverband-region-kocher.de\/cms\/tag-der-choere-in-schwaebisch-hall\/","title":{"rendered":"Tag der Ch\u00f6re in Schw\u00e4bisch Hall"},"content":{"rendered":"<p>Tag der Ch\u00f6re in Schw\u00e4bisch Hall am 11. Juni 2023 Bilder von allen Ch\u00f6ren und Impressionen sind in der Bildergalerie &#8222;Tag der Ch\u00f6re &#8211; alle Bilder&#8220; zu sehen. &nbsp; \u21d2 Link zu den Bildern &nbsp; &nbsp; &nbsp; &nbsp; &nbsp; &nbsp; &nbsp; &nbsp; Videos vom <a href=\"https:\/\/chorverband-region-kocher.de\/cms\/tag-der-choere-in-schwaebisch-hall\/\" title=\"Read more on Tag der Ch\u00f6re in Schw\u00e4bisch Hall\" class=\"more-link\">read more<\/a><\/p>\n","protected":false},"excerpt":{"rendered":"<p>Tag der Ch\u00f6re in Schw\u00e4bisch Hall am 11. Juni 2023 Bilder von allen Ch\u00f6ren und Impressionen sind in der Bildergalerie &#8222;Tag der Ch\u00f6re &#8211; alle Bilder&#8220; zu sehen. &nbsp; \u21d2 &hellip;<\/p>\n","protected":false},"author":4,"featured_media":0,"parent":0,"menu_order":0,"comment_status":"closed","ping_status":"closed","template":"","meta":{"footnotes":""},"class_list":["post-4352","page","type-page","status-publish","hentry","no-thumb"],"_links":{"self":[{"href":"https:\/\/chorverband-region-kocher.de\/cms\/wp-json\/wp\/v2\/pages\/4352","targetHints":{"allow":["GET"]}}],"collection":[{"href":"https:\/\/chorverband-region-kocher.de\/cms\/wp-json\/wp\/v2\/pages"}],"about":[{"href":"https:\/\/chorverband-region-kocher.de\/cms\/wp-json\/wp\/v2\/types\/page"}],"author":[{"embeddable":true,"href":"https:\/\/chorverband-region-kocher.de\/cms\/wp-json\/wp\/v2\/users\/4"}],"replies":[{"embeddable":true,"href":"https:\/\/chorverband-region-kocher.de\/cms\/wp-json\/wp\/v2\/comments?post=4352"}],"version-history":[{"count":50,"href":"https:\/\/chorverband-region-kocher.de\/cms\/wp-json\/wp\/v2\/pages\/4352\/revisions"}],"predecessor-version":[{"id":5137,"href":"https:\/\/chorverband-region-kocher.de\/cms\/wp-json\/wp\/v2\/pages\/4352\/revisions\/5137"}],"wp:attachment":[{"href":"https:\/\/chorverband-region-kocher.de\/cms\/wp-json\/wp\/v2\/media?parent=4352"}],"curies":[{"name":"wp","href":"https:\/\/api.w.org\/{rel}","templated":true}]}}