{"id":5370,"date":"2024-06-11T15:19:38","date_gmt":"2024-06-11T13:19:38","guid":{"rendered":"https:\/\/chorverband-region-kocher.de\/cms\/?page_id=5370"},"modified":"2024-06-11T15:19:38","modified_gmt":"2024-06-11T13:19:38","slug":"hohenloher-maennerchor-beim-konzert-auf-kloster-comburg","status":"publish","type":"page","link":"https:\/\/chorverband-region-kocher.de\/cms\/bildergalerie\/hohenloher-maennerchor-beim-konzert-auf-kloster-comburg\/","title":{"rendered":"Hohenloher M\u00e4nnerchor beim Konzert auf Kloster Comburg"},"content":{"rendered":"<p><span style=\"font-family: Arial;\">Der Hohenloher M\u00e4nnerchor war im Rahmen eines kurzen Kulturausflugs in der Region Schw\u00e4bisch Hall im Kloster Comburg in Steinbach zu einer gef\u00fchrten Besichtung.<\/span><\/p>\n<p><span style=\"font-family: Arial;\">Dabei wurde nat\u00fcrlich auch die bekannte sehr gute Akustik erprobt, nach dem Vortrag von 4 Liedern waren die S\u00e4nger, der Dirigent Thomas Pfeiffer und die kleine Besuchergruppe g\u00e4nzlich <\/span><span style=\"font-family: Arial;\">\u00fcberrascht von der tats\u00e4chlich sehr guten Akustik. Dies animiert sicher Ch\u00f6re hier mal ein Konzert auszurichten. <\/span><\/p>\n<p>Manfred Ruchozki<\/p>\n<div id=\"envira-gallery-wrap-5367\" class=\"envira-gallery-wrap envira-gallery-theme-base envira-lightbox-theme-base\" itemscope itemtype=\"https:\/\/schema.org\/ImageGallery\"><div data-row-height=\"150\" data-gallery-theme=\"normal\" id=\"envira-gallery-5367\" class=\"envira-gallery-public envira-gallery-justified-public envira-gallery-0-columns envira-clear enviratope envira-gallery-css-animations\" data-envira-columns=\"0\"><div id=\"envira-gallery-item-5368\" class=\"envira-gallery-item enviratope-item envira-gallery-item-1 envira-lazy-load\" style=\"padding-left: 5px; padding-bottom: 10px; padding-right: 5px;\"  itemscope itemtype=\"https:\/\/schema.org\/ImageObject\"><div class=\"envira-gallery-item-inner\"><div class=\"envira-gallery-position-overlay  envira-gallery-top-left\"><\/div><div class=\"envira-gallery-position-overlay  envira-gallery-top-right\"><\/div><div class=\"envira-gallery-position-overlay  envira-gallery-bottom-left\"><\/div><div class=\"envira-gallery-position-overlay  envira-gallery-bottom-right\"><\/div><a href=\"https:\/\/chorverband-region-kocher.de\/cms\/wp-content\/uploads\/2024\/06\/Chor_Comburg_20240421_1-scaled.jpg\" class=\"envira-gallery-5367 envira-gallery-link\" rel=\"enviragallery5367\" title=\"Chor_Comburg_20240421_1\" data-envira-caption=\"Chor_Comburg_20240421_1\" data-envira-retina=\"\" data-thumbnail=\"\"  itemprop=\"contentUrl\"><img decoding=\"async\" id=\"envira-gallery-image-5368\" class=\"envira-gallery-image envira-gallery-image-1 envira-normal envira-lazy\" data-envira-index=\"1\" src=\"https:\/\/chorverband-region-kocher.de\/cms\/wp-content\/uploads\/2024\/06\/Chor_Comburg_20240421_1-760x1024-640x480.jpg\" data-envira-src=\"https:\/\/chorverband-region-kocher.de\/cms\/wp-content\/uploads\/2024\/06\/Chor_Comburg_20240421_1-760x1024-640x480.jpg\" data-envira-gallery-id=\"5367\" data-envira-item-id=\"5368\" data-envira-caption=\"Chor_Comburg_20240421_1\" alt=\"\" title=\"Chor_Comburg_20240421_1\"  itemprop=\"thumbnailUrl\" data-envira-srcset=\"https:\/\/chorverband-region-kocher.de\/cms\/wp-content\/uploads\/2024\/06\/Chor_Comburg_20240421_1-760x1024-640x480.jpg 400w,https:\/\/chorverband-region-kocher.de\/cms\/wp-content\/uploads\/2024\/06\/Chor_Comburg_20240421_1-760x1024-640x480.jpg 2x\" data-envira-width=\"223\" data-envira-height=\"300\" srcset=\"data:image\/gif;base64,R0lGODlhAQABAIAAAP\/\/\/\/\/\/\/yH5BAEKAAEALAAAAAABAAEAAAICTAEAOw==\" data-safe-src=\"data:image\/gif;base64,R0lGODlhAQABAIAAAP\/\/\/\/\/\/\/yH5BAEKAAEALAAAAAABAAEAAAICTAEAOw==\" \/><\/a><\/div><\/div><div id=\"envira-gallery-item-5369\" class=\"envira-gallery-item enviratope-item envira-gallery-item-2 envira-lazy-load\" style=\"padding-left: 5px; padding-bottom: 10px; padding-right: 5px;\"  itemscope itemtype=\"https:\/\/schema.org\/ImageObject\"><div class=\"envira-gallery-item-inner\"><div class=\"envira-gallery-position-overlay  envira-gallery-top-left\"><\/div><div class=\"envira-gallery-position-overlay  envira-gallery-top-right\"><\/div><div class=\"envira-gallery-position-overlay  envira-gallery-bottom-left\"><\/div><div class=\"envira-gallery-position-overlay  envira-gallery-bottom-right\"><\/div><a href=\"https:\/\/chorverband-region-kocher.de\/cms\/wp-content\/uploads\/2024\/06\/Chor_Comburg_20240421_2.jpg\" class=\"envira-gallery-5367 envira-gallery-link\" rel=\"enviragallery5367\" title=\"Chor_Comburg_20240421_2\" data-envira-caption=\"Chor_Comburg_20240421_2\" data-envira-retina=\"\" data-thumbnail=\"\"  itemprop=\"contentUrl\"><img decoding=\"async\" id=\"envira-gallery-image-5369\" class=\"envira-gallery-image envira-gallery-image-2 envira-normal envira-lazy\" data-envira-index=\"2\" src=\"https:\/\/chorverband-region-kocher.de\/cms\/wp-content\/uploads\/2024\/06\/Chor_Comburg_20240421_2-1024x636-640x480.jpg\" data-envira-src=\"https:\/\/chorverband-region-kocher.de\/cms\/wp-content\/uploads\/2024\/06\/Chor_Comburg_20240421_2-1024x636-640x480.jpg\" data-envira-gallery-id=\"5367\" data-envira-item-id=\"5369\" data-envira-caption=\"Chor_Comburg_20240421_2\" alt=\"\" title=\"Chor_Comburg_20240421_2\"  itemprop=\"thumbnailUrl\" data-envira-srcset=\"https:\/\/chorverband-region-kocher.de\/cms\/wp-content\/uploads\/2024\/06\/Chor_Comburg_20240421_2-1024x636-640x480.jpg 400w,https:\/\/chorverband-region-kocher.de\/cms\/wp-content\/uploads\/2024\/06\/Chor_Comburg_20240421_2-1024x636-640x480.jpg 2x\" data-envira-width=\"300\" data-envira-height=\"186\" srcset=\"data:image\/gif;base64,R0lGODlhAQABAIAAAP\/\/\/\/\/\/\/yH5BAEKAAEALAAAAAABAAEAAAICTAEAOw==\" data-safe-src=\"data:image\/gif;base64,R0lGODlhAQABAIAAAP\/\/\/\/\/\/\/yH5BAEKAAEALAAAAAABAAEAAAICTAEAOw==\" \/><\/a><\/div><\/div><\/div><\/div><noscript><img decoding=\"async\" src=\"https:\/\/chorverband-region-kocher.de\/cms\/wp-content\/uploads\/2024\/06\/Chor_Comburg_20240421_1-scaled.jpg\" alt=\"\" \/><img decoding=\"async\" src=\"https:\/\/chorverband-region-kocher.de\/cms\/wp-content\/uploads\/2024\/06\/Chor_Comburg_20240421_2.jpg\" alt=\"\" \/><\/noscript>\n<p>&nbsp;<\/p>\n","protected":false},"excerpt":{"rendered":"<p>Der Hohenloher M\u00e4nnerchor war im Rahmen eines kurzen Kulturausflugs in der Region Schw\u00e4bisch Hall im Kloster Comburg in Steinbach zu einer gef\u00fchrten Besichtung. Dabei wurde nat\u00fcrlich auch die bekannte sehr &hellip;<\/p>\n","protected":false},"author":4,"featured_media":0,"parent":2448,"menu_order":0,"comment_status":"closed","ping_status":"closed","template":"","meta":{"footnotes":""},"class_list":["post-5370","page","type-page","status-publish","hentry","no-thumb"],"_links":{"self":[{"href":"https:\/\/chorverband-region-kocher.de\/cms\/wp-json\/wp\/v2\/pages\/5370","targetHints":{"allow":["GET"]}}],"collection":[{"href":"https:\/\/chorverband-region-kocher.de\/cms\/wp-json\/wp\/v2\/pages"}],"about":[{"href":"https:\/\/chorverband-region-kocher.de\/cms\/wp-json\/wp\/v2\/types\/page"}],"author":[{"embeddable":true,"href":"https:\/\/chorverband-region-kocher.de\/cms\/wp-json\/wp\/v2\/users\/4"}],"replies":[{"embeddable":true,"href":"https:\/\/chorverband-region-kocher.de\/cms\/wp-json\/wp\/v2\/comments?post=5370"}],"version-history":[{"count":1,"href":"https:\/\/chorverband-region-kocher.de\/cms\/wp-json\/wp\/v2\/pages\/5370\/revisions"}],"predecessor-version":[{"id":5371,"href":"https:\/\/chorverband-region-kocher.de\/cms\/wp-json\/wp\/v2\/pages\/5370\/revisions\/5371"}],"up":[{"embeddable":true,"href":"https:\/\/chorverband-region-kocher.de\/cms\/wp-json\/wp\/v2\/pages\/2448"}],"wp:attachment":[{"href":"https:\/\/chorverband-region-kocher.de\/cms\/wp-json\/wp\/v2\/media?parent=5370"}],"curies":[{"name":"wp","href":"https:\/\/api.w.org\/{rel}","templated":true}]}}